{"id":117,"date":"2026-01-18T20:12:21","date_gmt":"2026-01-18T19:12:21","guid":{"rendered":"https:\/\/test.ferienwohnung-hieble.de\/?page_id=117"},"modified":"2026-01-20T11:54:27","modified_gmt":"2026-01-20T10:54:27","slug":"startseite","status":"publish","type":"page","link":"https:\/\/test.ferienwohnung-hieble.de\/","title":{"rendered":"Startseite"},"content":{"rendered":"\n<div class=\"wp-block-media-text is-stacked-on-mobile\"><figure class=\"wp-block-media-text__media\"><img loading=\"lazy\" decoding=\"async\" width=\"432\" height=\"275\" src=\"https:\/\/test.ferienwohnung-hieble.de\/wp-content\/uploads\/2026\/01\/scheidegg-st-gallus.webp\" alt=\"\" class=\"wp-image-419 size-full\" srcset=\"https:\/\/test.ferienwohnung-hieble.de\/wp-content\/uploads\/2026\/01\/scheidegg-st-gallus.webp 432w, https:\/\/test.ferienwohnung-hieble.de\/wp-content\/uploads\/2026\/01\/scheidegg-st-gallus-300x191.webp 300w\" sizes=\"auto, (max-width: 432px) 100vw, 432px\" \/><\/figure><div class=\"wp-block-media-text__content\">\n<h2 class=\"wp-block-heading\"><strong>Herzlich willkommen im katholischen Pfarrheim St. Gallus Scheidegg im Allg\u00e4u!<\/strong><\/h2>\n\n\n\n<p>Neben der Nutzung der R\u00e4ume unseres Pfarrheims f\u00fcr die Gruppen unserer Pfarrgemeinde, bieten wir diese auch zur Vermietung an. <\/p>\n\n\n\n<p>Wollen Sie Ihren Geburtstag in gr\u00f6\u00dferer Runde feiern, suchen Sie einen Raum f\u00fcr Ihre Gymnastikgruppe oder eine Kindergruppe? Wir bieten Ihnen R\u00e4ume in verschiedener Gr\u00f6\u00dfe und vielerlei Zwecke. Wir freuen uns auf Ihre Buchung oder Ihre Anfrage.<\/p>\n<\/div><\/div>\n\n\n\n<p><\/p>\n\n\n\n<div class=\"wp-block-gmap-gmap-block gmap-block-xbr7puqo\"><iframe src=\"https:\/\/maps.google.com\/maps?q=Pfarrheim%2C+Pfarrweg+7%2C+88175+Scheidegg&amp;z=11&amp;t=roadmap&amp;output=embed\" class=\"embd-map\" title=\"Pfarrheim, Pfarrweg 7, 88175 Scheidegg\"><\/iframe><\/div>\n\n\n\n<p><\/p>\n","protected":false},"excerpt":{"rendered":"<p>Herzlich willkommen im katholischen Pfarrheim St. Gallus Scheidegg im Allg\u00e4u! Neben der Nutzung der R\u00e4ume unseres Pfarrheims f\u00fcr die Gruppen unserer Pfarrgemeinde, bieten wir diese auch zur Vermietung an. Wollen Sie Ihren Geburtstag in gr\u00f6\u00dferer Runde feiern, suchen Sie einen Raum f\u00fcr Ihre Gymnastikgruppe oder eine Kindergruppe? Wir bieten Ihnen R\u00e4ume in verschiedener Gr\u00f6\u00dfe und [&hellip;]<\/p>\n","protected":false},"author":1,"featured_media":0,"parent":0,"menu_order":0,"comment_status":"closed","ping_status":"closed","template":"","meta":{"ocean_post_layout":"","ocean_both_sidebars_style":"","ocean_both_sidebars_content_width":0,"ocean_both_sidebars_sidebars_width":0,"ocean_sidebar":"","ocean_second_sidebar":"","ocean_disable_margins":"enable","ocean_add_body_class":"","ocean_shortcode_before_top_bar":"","ocean_shortcode_after_top_bar":"","ocean_shortcode_before_header":"","ocean_shortcode_after_header":"","ocean_has_shortcode":"","ocean_shortcode_after_title":"","ocean_shortcode_before_footer_widgets":"","ocean_shortcode_after_footer_widgets":"","ocean_shortcode_before_footer_bottom":"","ocean_shortcode_after_footer_bottom":"","ocean_display_top_bar":"default","ocean_display_header":"default","ocean_header_style":"","ocean_center_header_left_menu":"","ocean_custom_header_template":"","ocean_custom_logo":0,"ocean_custom_retina_logo":0,"ocean_custom_logo_max_width":0,"ocean_custom_logo_tablet_max_width":0,"ocean_custom_logo_mobile_max_width":0,"ocean_custom_logo_max_height":0,"ocean_custom_logo_tablet_max_height":0,"ocean_custom_logo_mobile_max_height":0,"ocean_header_custom_menu":"","ocean_menu_typo_font_family":"","ocean_menu_typo_font_subset":"","ocean_menu_typo_font_size":0,"ocean_menu_typo_font_size_tablet":0,"ocean_menu_typo_font_size_mobile":0,"ocean_menu_typo_font_size_unit":"px","ocean_menu_typo_font_weight":"","ocean_menu_typo_font_weight_tablet":"","ocean_menu_typo_font_weight_mobile":"","ocean_menu_typo_transform":"","ocean_menu_typo_transform_tablet":"","ocean_menu_typo_transform_mobile":"","ocean_menu_typo_line_height":0,"ocean_menu_typo_line_height_tablet":0,"ocean_menu_typo_line_height_mobile":0,"ocean_menu_typo_line_height_unit":"","ocean_menu_typo_spacing":0,"ocean_menu_typo_spacing_tablet":0,"ocean_menu_typo_spacing_mobile":0,"ocean_menu_typo_spacing_unit":"","ocean_menu_link_color":"","ocean_menu_link_color_hover":"","ocean_menu_link_color_active":"","ocean_menu_link_background":"","ocean_menu_link_hover_background":"","ocean_menu_link_active_background":"","ocean_menu_social_links_bg":"","ocean_menu_social_hover_links_bg":"","ocean_menu_social_links_color":"","ocean_menu_social_hover_links_color":"","ocean_disable_title":"default","ocean_disable_heading":"default","ocean_post_title":"","ocean_post_subheading":"","ocean_post_title_style":"","ocean_post_title_background_color":"","ocean_post_title_background":0,"ocean_post_title_bg_image_position":"","ocean_post_title_bg_image_attachment":"","ocean_post_title_bg_image_repeat":"","ocean_post_title_bg_image_size":"","ocean_post_title_height":0,"ocean_post_title_bg_overlay":0.5,"ocean_post_title_bg_overlay_color":"","ocean_disable_breadcrumbs":"default","ocean_breadcrumbs_color":"","ocean_breadcrumbs_separator_color":"","ocean_breadcrumbs_links_color":"","ocean_breadcrumbs_links_hover_color":"","ocean_display_footer_widgets":"default","ocean_display_footer_bottom":"default","ocean_custom_footer_template":"","footnotes":""},"class_list":["post-117","page","type-page","status-publish","hentry","entry"],"_links":{"self":[{"href":"https:\/\/test.ferienwohnung-hieble.de\/index.php?rest_route=\/wp\/v2\/pages\/117","targetHints":{"allow":["GET"]}}],"collection":[{"href":"https:\/\/test.ferienwohnung-hieble.de\/index.php?rest_route=\/wp\/v2\/pages"}],"about":[{"href":"https:\/\/test.ferienwohnung-hieble.de\/index.php?rest_route=\/wp\/v2\/types\/page"}],"author":[{"embeddable":true,"href":"https:\/\/test.ferienwohnung-hieble.de\/index.php?rest_route=\/wp\/v2\/users\/1"}],"replies":[{"embeddable":true,"href":"https:\/\/test.ferienwohnung-hieble.de\/index.php?rest_route=%2Fwp%2Fv2%2Fcomments&post=117"}],"version-history":[{"count":12,"href":"https:\/\/test.ferienwohnung-hieble.de\/index.php?rest_route=\/wp\/v2\/pages\/117\/revisions"}],"predecessor-version":[{"id":503,"href":"https:\/\/test.ferienwohnung-hieble.de\/index.php?rest_route=\/wp\/v2\/pages\/117\/revisions\/503"}],"wp:attachment":[{"href":"https:\/\/test.ferienwohnung-hieble.de\/index.php?rest_route=%2Fwp%2Fv2%2Fmedia&parent=117"}],"curies":[{"name":"wp","href":"https:\/\/api.w.org\/{rel}","templated":true}]}}